{"id":567,"date":"2025-02-11T17:47:30","date_gmt":"2025-02-11T16:47:30","guid":{"rendered":"https:\/\/prochrist20.evs.sk\/?page_id=567"},"modified":"2025-02-11T18:21:51","modified_gmt":"2025-02-11T17:21:51","slug":"na-stiahnutie","status":"publish","type":"page","link":"https:\/\/prochrist20.evs.sk\/?page_id=567","title":{"rendered":"Na stiahnutie"},"content":{"rendered":"\t\t<div data-elementor-type=\"wp-page\" data-elementor-id=\"567\" class=\"elementor elementor-567\">\n\t\t\t\t<div class=\"elementor-element elementor-element-2c0e3ff e-flex e-con-boxed e-con e-parent\" data-id=\"2c0e3ff\" data-element_type=\"container\">\n\t\t\t\t\t<div class=\"e-con-inner\">\n\t\t\t\t<div class=\"elementor-element elementor-element-75db063 elementor-widget elementor-widget-spacer\" data-id=\"75db063\" data-element_type=\"widget\" data-widget_type=\"spacer.default\">\n\t\t\t\t<div class=\"elementor-widget-container\">\n\t\t\t\t\t\t\t<div class=\"elementor-spacer\">\n\t\t\t<div class=\"elementor-spacer-inner\"><\/div>\n\t\t<\/div>\n\t\t\t\t\t\t<\/div>\n\t\t\t\t<\/div>\n\t\t\t\t\t<\/div>\n\t\t\t\t<\/div>\n\t\t<div class=\"elementor-element elementor-element-4037af1 e-flex e-con-boxed e-con e-parent\" data-id=\"4037af1\" data-element_type=\"container\" data-settings=\"{&quot;background_background&quot;:&quot;gradient&quot;}\">\n\t\t\t\t\t<div class=\"e-con-inner\">\n\t\t\t\t<div class=\"elementor-element elementor-element-9e3d946 elementor-widget-mobile__width-initial elementor-widget elementor-widget-heading\" data-id=\"9e3d946\" data-element_type=\"widget\" data-widget_type=\"heading.default\">\n\t\t\t\t<div class=\"elementor-widget-container\">\n\t\t\t\t\t<h2 class=\"elementor-heading-title elementor-size-default\">Na s\u0165iahnutie<\/h2>\t\t\t\t<\/div>\n\t\t\t\t<\/div>\n\t\t\t\t\t<\/div>\n\t\t\t\t<\/div>\n\t\t<div class=\"elementor-element elementor-element-f19bfd1 e-flex e-con-boxed e-con e-parent\" data-id=\"f19bfd1\" data-element_type=\"container\">\n\t\t\t\t\t<div class=\"e-con-inner\">\n\t\t\t\t<div class=\"elementor-element elementor-element-22cd018 elementor-widget elementor-widget-spacer\" data-id=\"22cd018\" data-element_type=\"widget\" data-widget_type=\"spacer.default\">\n\t\t\t\t<div class=\"elementor-widget-container\">\n\t\t\t\t\t\t\t<div class=\"elementor-spacer\">\n\t\t\t<div class=\"elementor-spacer-inner\"><\/div>\n\t\t<\/div>\n\t\t\t\t\t\t<\/div>\n\t\t\t\t<\/div>\n\t\t\t\t\t<\/div>\n\t\t\t\t<\/div>\n\t\t<div class=\"elementor-element elementor-element-2af599c e-flex e-con-boxed e-con e-parent\" data-id=\"2af599c\" data-element_type=\"container\">\n\t\t\t\t\t<div class=\"e-con-inner\">\n\t\t<div class=\"elementor-element elementor-element-a8d609f e-con-full e-flex e-con e-child\" data-id=\"a8d609f\" data-element_type=\"container\">\n\t\t\t\t<div class=\"elementor-element elementor-element-4d90d2b elementor-widget elementor-widget-heading\" data-id=\"4d90d2b\" data-element_type=\"widget\" data-widget_type=\"heading.default\">\n\t\t\t\t<div class=\"elementor-widget-container\">\n\t\t\t\t\t<h2 class=\"elementor-heading-title elementor-size-default\">Plag\u00e1t JPG<\/h2>\t\t\t\t<\/div>\n\t\t\t\t<\/div>\n\t\t\t\t<div class=\"elementor-element elementor-element-098694f elementor-widget elementor-widget-image\" data-id=\"098694f\" data-element_type=\"widget\" data-widget_type=\"image.default\">\n\t\t\t\t<div class=\"elementor-widget-container\">\n\t\t\t\t\t\t\t\t\t\t\t\t\t\t\t\t<a href=\"https:\/\/prochrist20.evs.sk\/wp-content\/uploads\/2025\/02\/PT25-Moj-dom-moj-hrad-info-INSTA-1.jpg\">\n\t\t\t\t\t\t\t<img fetchpriority=\"high\" decoding=\"async\" width=\"800\" height=\"1000\" src=\"https:\/\/prochrist20.evs.sk\/wp-content\/uploads\/2025\/02\/PT25-Moj-dom-moj-hrad-info-INSTA-1-819x1024.jpg\" class=\"attachment-large size-large wp-image-570\" alt=\"\" srcset=\"https:\/\/prochrist20.evs.sk\/wp-content\/uploads\/2025\/02\/PT25-Moj-dom-moj-hrad-info-INSTA-1-819x1024.jpg 819w, https:\/\/prochrist20.evs.sk\/wp-content\/uploads\/2025\/02\/PT25-Moj-dom-moj-hrad-info-INSTA-1-240x300.jpg 240w, https:\/\/prochrist20.evs.sk\/wp-content\/uploads\/2025\/02\/PT25-Moj-dom-moj-hrad-info-INSTA-1-768x961.jpg 768w, https:\/\/prochrist20.evs.sk\/wp-content\/uploads\/2025\/02\/PT25-Moj-dom-moj-hrad-info-INSTA-1.jpg 1080w\" sizes=\"(max-width: 800px) 100vw, 800px\" \/>\t\t\t\t\t\t\t\t<\/a>\n\t\t\t\t\t\t\t\t\t\t\t\t\t\t\t<\/div>\n\t\t\t\t<\/div>\n\t\t\t\t<div class=\"elementor-element elementor-element-197cd5f elementor-align-center elementor-widget elementor-widget-button\" data-id=\"197cd5f\" data-element_type=\"widget\" data-widget_type=\"button.default\">\n\t\t\t\t<div class=\"elementor-widget-container\">\n\t\t\t\t\t\t\t\t\t<div class=\"elementor-button-wrapper\">\n\t\t\t\t\t<a class=\"elementor-button elementor-button-link elementor-size-sm\" href=\"https:\/\/prochrist20.evs.sk\/wp-content\/uploads\/2025\/02\/PT25-Moj-dom-moj-hrad-info-INSTA-1.jpg\">\n\t\t\t\t\t\t<span class=\"elementor-button-content-wrapper\">\n\t\t\t\t\t\t\t\t\t<span class=\"elementor-button-text\">Stiahnu\u0165<\/span>\n\t\t\t\t\t<\/span>\n\t\t\t\t\t<\/a>\n\t\t\t\t<\/div>\n\t\t\t\t\t\t\t\t<\/div>\n\t\t\t\t<\/div>\n\t\t\t\t<\/div>\n\t\t<div class=\"elementor-element elementor-element-2c1978d e-con-full e-flex e-con e-child\" data-id=\"2c1978d\" data-element_type=\"container\">\n\t\t\t\t<div class=\"elementor-element elementor-element-80cf18f elementor-widget elementor-widget-heading\" data-id=\"80cf18f\" data-element_type=\"widget\" data-widget_type=\"heading.default\">\n\t\t\t\t<div class=\"elementor-widget-container\">\n\t\t\t\t\t<h2 class=\"elementor-heading-title elementor-size-default\">Plag\u00e1t PDF<\/h2>\t\t\t\t<\/div>\n\t\t\t\t<\/div>\n\t\t\t\t<div class=\"elementor-element elementor-element-6730a79 elementor-widget elementor-widget-image\" data-id=\"6730a79\" data-element_type=\"widget\" data-widget_type=\"image.default\">\n\t\t\t\t<div class=\"elementor-widget-container\">\n\t\t\t\t\t\t\t\t\t\t\t\t\t\t\t\t<a href=\"https:\/\/prochrist20.evs.sk\/wp-content\/uploads\/2025\/02\/Pre-Teba-25-\u2013-Moj-dom-Moj-hrad-A3-PRINT.pdf\">\n\t\t\t\t\t\t\t<img fetchpriority=\"high\" decoding=\"async\" width=\"800\" height=\"1000\" src=\"https:\/\/prochrist20.evs.sk\/wp-content\/uploads\/2025\/02\/PT25-Moj-dom-moj-hrad-info-INSTA-1-819x1024.jpg\" class=\"attachment-large size-large wp-image-570\" alt=\"\" srcset=\"https:\/\/prochrist20.evs.sk\/wp-content\/uploads\/2025\/02\/PT25-Moj-dom-moj-hrad-info-INSTA-1-819x1024.jpg 819w, https:\/\/prochrist20.evs.sk\/wp-content\/uploads\/2025\/02\/PT25-Moj-dom-moj-hrad-info-INSTA-1-240x300.jpg 240w, https:\/\/prochrist20.evs.sk\/wp-content\/uploads\/2025\/02\/PT25-Moj-dom-moj-hrad-info-INSTA-1-768x961.jpg 768w, https:\/\/prochrist20.evs.sk\/wp-content\/uploads\/2025\/02\/PT25-Moj-dom-moj-hrad-info-INSTA-1.jpg 1080w\" sizes=\"(max-width: 800px) 100vw, 800px\" \/>\t\t\t\t\t\t\t\t<\/a>\n\t\t\t\t\t\t\t\t\t\t\t\t\t\t\t<\/div>\n\t\t\t\t<\/div>\n\t\t\t\t<div class=\"elementor-element elementor-element-e9949a1 elementor-align-center elementor-widget elementor-widget-button\" data-id=\"e9949a1\" data-element_type=\"widget\" data-widget_type=\"button.default\">\n\t\t\t\t<div class=\"elementor-widget-container\">\n\t\t\t\t\t\t\t\t\t<div class=\"elementor-button-wrapper\">\n\t\t\t\t\t<a class=\"elementor-button elementor-button-link elementor-size-sm\" href=\"https:\/\/prochrist20.evs.sk\/wp-content\/uploads\/2025\/02\/Pre-Teba-25-\u2013-Moj-dom-Moj-hrad-A3-PRINT.pdf\">\n\t\t\t\t\t\t<span class=\"elementor-button-content-wrapper\">\n\t\t\t\t\t\t\t\t\t<span class=\"elementor-button-text\">Stiahnu\u0165<\/span>\n\t\t\t\t\t<\/span>\n\t\t\t\t\t<\/a>\n\t\t\t\t<\/div>\n\t\t\t\t\t\t\t\t<\/div>\n\t\t\t\t<\/div>\n\t\t\t\t<\/div>\n\t\t\t\t\t<\/div>\n\t\t\t\t<\/div>\n\t\t\t\t<\/div>\n\t\t","protected":false},"excerpt":{"rendered":"<p>Na s\u0165iahnutie Plag\u00e1t JPG Stiahnu\u0165 Plag\u00e1t PDF Stiahnu\u0165<\/p>\n","protected":false},"author":2,"featured_media":0,"parent":0,"menu_order":0,"comment_status":"closed","ping_status":"closed","template":"","meta":{"_monsterinsights_skip_tracking":false,"_monsterinsights_sitenote_active":false,"_monsterinsights_sitenote_note":"","_monsterinsights_sitenote_category":0,"footnotes":""},"class_list":["post-567","page","type-page","status-publish","hentry"],"yoast_head":"<!-- This site is optimized with the Yoast SEO plugin v24.8.1 - https:\/\/yoast.com\/wordpress\/plugins\/seo\/ -->\n<title>Na stiahnutie - ProChrist<\/title>\n<meta name=\"robots\" content=\"index, follow, max-snippet:-1, max-image-preview:large, max-video-preview:-1\" \/>\n<link rel=\"canonical\" href=\"https:\/\/prochrist20.evs.sk\/?page_id=567\" \/>\n<meta property=\"og:locale\" content=\"sk_SK\" \/>\n<meta property=\"og:type\" content=\"article\" \/>\n<meta property=\"og:title\" content=\"Na stiahnutie - ProChrist\" \/>\n<meta property=\"og:description\" content=\"Na s\u0165iahnutie Plag\u00e1t JPG Stiahnu\u0165 Plag\u00e1t PDF Stiahnu\u0165\" \/>\n<meta property=\"og:url\" content=\"https:\/\/prochrist20.evs.sk\/?page_id=567\" \/>\n<meta property=\"og:site_name\" content=\"ProChrist\" \/>\n<meta property=\"article:modified_time\" content=\"2025-02-11T17:21:51+00:00\" \/>\n<meta property=\"og:image\" content=\"https:\/\/prochrist20.evs.sk\/wp-content\/uploads\/2025\/02\/PT25-Moj-dom-moj-hrad-info-INSTA-1.jpg\" \/>\n\t<meta property=\"og:image:width\" content=\"1080\" \/>\n\t<meta property=\"og:image:height\" content=\"1351\" \/>\n\t<meta property=\"og:image:type\" content=\"image\/jpeg\" \/>\n<meta name=\"twitter:card\" content=\"summary_large_image\" \/>\n<meta name=\"twitter:label1\" content=\"Predpokladan\u00fd \u010das \u010d\u00edtania\" \/>\n\t<meta name=\"twitter:data1\" content=\"1 min\u00fata\" \/>\n<script type=\"application\/ld+json\" class=\"yoast-schema-graph\">{\"@context\":\"https:\/\/schema.org\",\"@graph\":[{\"@type\":\"WebPage\",\"@id\":\"https:\/\/prochrist20.evs.sk\/?page_id=567\",\"url\":\"https:\/\/prochrist20.evs.sk\/?page_id=567\",\"name\":\"Na stiahnutie - ProChrist\",\"isPartOf\":{\"@id\":\"https:\/\/prochrist20.evs.sk\/#website\"},\"primaryImageOfPage\":{\"@id\":\"https:\/\/prochrist20.evs.sk\/?page_id=567#primaryimage\"},\"image\":{\"@id\":\"https:\/\/prochrist20.evs.sk\/?page_id=567#primaryimage\"},\"thumbnailUrl\":\"https:\/\/prochrist20.evs.sk\/wp-content\/uploads\/2025\/02\/PT25-Moj-dom-moj-hrad-info-INSTA-1-819x1024.jpg\",\"datePublished\":\"2025-02-11T16:47:30+00:00\",\"dateModified\":\"2025-02-11T17:21:51+00:00\",\"breadcrumb\":{\"@id\":\"https:\/\/prochrist20.evs.sk\/?page_id=567#breadcrumb\"},\"inLanguage\":\"sk-SK\",\"potentialAction\":[{\"@type\":\"ReadAction\",\"target\":[\"https:\/\/prochrist20.evs.sk\/?page_id=567\"]}]},{\"@type\":\"ImageObject\",\"inLanguage\":\"sk-SK\",\"@id\":\"https:\/\/prochrist20.evs.sk\/?page_id=567#primaryimage\",\"url\":\"https:\/\/prochrist20.evs.sk\/wp-content\/uploads\/2025\/02\/PT25-Moj-dom-moj-hrad-info-INSTA-1.jpg\",\"contentUrl\":\"https:\/\/prochrist20.evs.sk\/wp-content\/uploads\/2025\/02\/PT25-Moj-dom-moj-hrad-info-INSTA-1.jpg\",\"width\":1080,\"height\":1351},{\"@type\":\"BreadcrumbList\",\"@id\":\"https:\/\/prochrist20.evs.sk\/?page_id=567#breadcrumb\",\"itemListElement\":[{\"@type\":\"ListItem\",\"position\":1,\"name\":\"Home\",\"item\":\"https:\/\/prochrist20.evs.sk\/\"},{\"@type\":\"ListItem\",\"position\":2,\"name\":\"Na stiahnutie\"}]},{\"@type\":\"WebSite\",\"@id\":\"https:\/\/prochrist20.evs.sk\/#website\",\"url\":\"https:\/\/prochrist20.evs.sk\/\",\"name\":\"ProChrist\",\"description\":\"\",\"potentialAction\":[{\"@type\":\"SearchAction\",\"target\":{\"@type\":\"EntryPoint\",\"urlTemplate\":\"https:\/\/prochrist20.evs.sk\/?s={search_term_string}\"},\"query-input\":{\"@type\":\"PropertyValueSpecification\",\"valueRequired\":true,\"valueName\":\"search_term_string\"}}],\"inLanguage\":\"sk-SK\"}]}<\/script>\n<!-- \/ Yoast SEO plugin. -->","yoast_head_json":{"title":"Na stiahnutie - ProChrist","robots":{"index":"index","follow":"follow","max-snippet":"max-snippet:-1","max-image-preview":"max-image-preview:large","max-video-preview":"max-video-preview:-1"},"canonical":"https:\/\/prochrist20.evs.sk\/?page_id=567","og_locale":"sk_SK","og_type":"article","og_title":"Na stiahnutie - ProChrist","og_description":"Na s\u0165iahnutie Plag\u00e1t JPG Stiahnu\u0165 Plag\u00e1t PDF Stiahnu\u0165","og_url":"https:\/\/prochrist20.evs.sk\/?page_id=567","og_site_name":"ProChrist","article_modified_time":"2025-02-11T17:21:51+00:00","og_image":[{"width":1080,"height":1351,"url":"https:\/\/prochrist20.evs.sk\/wp-content\/uploads\/2025\/02\/PT25-Moj-dom-moj-hrad-info-INSTA-1.jpg","type":"image\/jpeg"}],"twitter_card":"summary_large_image","twitter_misc":{"Predpokladan\u00fd \u010das \u010d\u00edtania":"1 min\u00fata"},"schema":{"@context":"https:\/\/schema.org","@graph":[{"@type":"WebPage","@id":"https:\/\/prochrist20.evs.sk\/?page_id=567","url":"https:\/\/prochrist20.evs.sk\/?page_id=567","name":"Na stiahnutie - ProChrist","isPartOf":{"@id":"https:\/\/prochrist20.evs.sk\/#website"},"primaryImageOfPage":{"@id":"https:\/\/prochrist20.evs.sk\/?page_id=567#primaryimage"},"image":{"@id":"https:\/\/prochrist20.evs.sk\/?page_id=567#primaryimage"},"thumbnailUrl":"https:\/\/prochrist20.evs.sk\/wp-content\/uploads\/2025\/02\/PT25-Moj-dom-moj-hrad-info-INSTA-1-819x1024.jpg","datePublished":"2025-02-11T16:47:30+00:00","dateModified":"2025-02-11T17:21:51+00:00","breadcrumb":{"@id":"https:\/\/prochrist20.evs.sk\/?page_id=567#breadcrumb"},"inLanguage":"sk-SK","potentialAction":[{"@type":"ReadAction","target":["https:\/\/prochrist20.evs.sk\/?page_id=567"]}]},{"@type":"ImageObject","inLanguage":"sk-SK","@id":"https:\/\/prochrist20.evs.sk\/?page_id=567#primaryimage","url":"https:\/\/prochrist20.evs.sk\/wp-content\/uploads\/2025\/02\/PT25-Moj-dom-moj-hrad-info-INSTA-1.jpg","contentUrl":"https:\/\/prochrist20.evs.sk\/wp-content\/uploads\/2025\/02\/PT25-Moj-dom-moj-hrad-info-INSTA-1.jpg","width":1080,"height":1351},{"@type":"BreadcrumbList","@id":"https:\/\/prochrist20.evs.sk\/?page_id=567#breadcrumb","itemListElement":[{"@type":"ListItem","position":1,"name":"Home","item":"https:\/\/prochrist20.evs.sk\/"},{"@type":"ListItem","position":2,"name":"Na stiahnutie"}]},{"@type":"WebSite","@id":"https:\/\/prochrist20.evs.sk\/#website","url":"https:\/\/prochrist20.evs.sk\/","name":"ProChrist","description":"","potentialAction":[{"@type":"SearchAction","target":{"@type":"EntryPoint","urlTemplate":"https:\/\/prochrist20.evs.sk\/?s={search_term_string}"},"query-input":{"@type":"PropertyValueSpecification","valueRequired":true,"valueName":"search_term_string"}}],"inLanguage":"sk-SK"}]}},"_links":{"self":[{"href":"https:\/\/prochrist20.evs.sk\/index.php?rest_route=\/wp\/v2\/pages\/567","targetHints":{"allow":["GET"]}}],"collection":[{"href":"https:\/\/prochrist20.evs.sk\/index.php?rest_route=\/wp\/v2\/pages"}],"about":[{"href":"https:\/\/prochrist20.evs.sk\/index.php?rest_route=\/wp\/v2\/types\/page"}],"author":[{"embeddable":true,"href":"https:\/\/prochrist20.evs.sk\/index.php?rest_route=\/wp\/v2\/users\/2"}],"replies":[{"embeddable":true,"href":"https:\/\/prochrist20.evs.sk\/index.php?rest_route=%2Fwp%2Fv2%2Fcomments&post=567"}],"version-history":[{"count":6,"href":"https:\/\/prochrist20.evs.sk\/index.php?rest_route=\/wp\/v2\/pages\/567\/revisions"}],"predecessor-version":[{"id":661,"href":"https:\/\/prochrist20.evs.sk\/index.php?rest_route=\/wp\/v2\/pages\/567\/revisions\/661"}],"wp:attachment":[{"href":"https:\/\/prochrist20.evs.sk\/index.php?rest_route=%2Fwp%2Fv2%2Fmedia&parent=567"}],"curies":[{"name":"wp","href":"https:\/\/api.w.org\/{rel}","templated":true}]}}