{"id":551,"date":"2025-02-11T17:40:18","date_gmt":"2025-02-11T16:40:18","guid":{"rendered":"https:\/\/prochrist20.evs.sk\/?page_id=551"},"modified":"2025-02-12T09:19:01","modified_gmt":"2025-02-12T08:19:01","slug":"registracny-formular","status":"publish","type":"page","link":"https:\/\/prochrist20.evs.sk\/?page_id=551","title":{"rendered":"Registra\u010dn\u00fd formul\u00e1r"},"content":{"rendered":"\t\t<div data-elementor-type=\"wp-page\" data-elementor-id=\"551\" class=\"elementor elementor-551\">\n\t\t\t\t<div class=\"elementor-element elementor-element-0c3ff04 e-flex e-con-boxed e-con e-parent\" data-id=\"0c3ff04\" data-element_type=\"container\">\n\t\t\t\t\t<div class=\"e-con-inner\">\n\t\t\t\t<div class=\"elementor-element elementor-element-9212abc elementor-widget elementor-widget-spacer\" data-id=\"9212abc\" data-element_type=\"widget\" data-widget_type=\"spacer.default\">\n\t\t\t\t<div class=\"elementor-widget-container\">\n\t\t\t\t\t\t\t<div class=\"elementor-spacer\">\n\t\t\t<div class=\"elementor-spacer-inner\"><\/div>\n\t\t<\/div>\n\t\t\t\t\t\t<\/div>\n\t\t\t\t<\/div>\n\t\t\t\t\t<\/div>\n\t\t\t\t<\/div>\n\t\t<div class=\"elementor-element elementor-element-04f4f98 e-flex e-con-boxed e-con e-parent\" data-id=\"04f4f98\" data-element_type=\"container\" data-settings=\"{&quot;background_background&quot;:&quot;gradient&quot;}\">\n\t\t\t\t\t<div class=\"e-con-inner\">\n\t\t\t\t<div class=\"elementor-element elementor-element-5387724 elementor-widget-mobile__width-initial elementor-widget elementor-widget-heading\" data-id=\"5387724\" data-element_type=\"widget\" data-widget_type=\"heading.default\">\n\t\t\t\t<div class=\"elementor-widget-container\">\n\t\t\t\t\t<h2 class=\"elementor-heading-title elementor-size-default\">Registra\u010dn\u00fd formul\u00e1r<\/h2>\t\t\t\t<\/div>\n\t\t\t\t<\/div>\n\t\t\t\t\t<\/div>\n\t\t\t\t<\/div>\n\t\t<div class=\"elementor-element elementor-element-2a9ed53 e-flex e-con-boxed e-con e-parent\" data-id=\"2a9ed53\" data-element_type=\"container\">\n\t\t\t\t\t<div class=\"e-con-inner\">\n\t\t\t\t<div class=\"elementor-element elementor-element-5ac2634 elementor-widget elementor-widget-shortcode\" data-id=\"5ac2634\" data-element_type=\"widget\" data-widget_type=\"shortcode.default\">\n\t\t\t\t<div class=\"elementor-widget-container\">\n\t\t\t\t\t\t\t<div class=\"elementor-shortcode\"><iframe src=\"https:\/\/docs.google.com\/forms\/d\/e\/1FAIpQLSfllgl4PRXeWYkhddl59vt6Tdlg1_30dCs8_LIfejX38HMZIQ\/viewform?embedded=true\" width=\"1140\" height=\"3338\" frameborder=\"0\" marginheight=\"0\" marginwidth=\"0\">Na\u010d\u00edtava sa\u2026<\/iframe><\/div>\n\t\t\t\t\t\t<\/div>\n\t\t\t\t<\/div>\n\t\t\t\t\t<\/div>\n\t\t\t\t<\/div>\n\t\t\t\t<\/div>\n\t\t","protected":false},"excerpt":{"rendered":"<p>Registra\u010dn\u00fd formul\u00e1r Na\u010d\u00edtava sa\u2026<\/p>\n","protected":false},"author":2,"featured_media":0,"parent":0,"menu_order":0,"comment_status":"closed","ping_status":"closed","template":"","meta":{"_monsterinsights_skip_tracking":false,"_monsterinsights_sitenote_active":false,"_monsterinsights_sitenote_note":"","_monsterinsights_sitenote_category":0,"footnotes":""},"class_list":["post-551","page","type-page","status-publish","hentry"],"yoast_head":"<!-- This site is optimized with the Yoast SEO plugin v24.8.1 - https:\/\/yoast.com\/wordpress\/plugins\/seo\/ -->\n<title>Registra\u010dn\u00fd formul\u00e1r - ProChrist<\/title>\n<meta name=\"robots\" content=\"index, follow, max-snippet:-1, max-image-preview:large, max-video-preview:-1\" \/>\n<link rel=\"canonical\" href=\"https:\/\/prochrist20.evs.sk\/?page_id=551\" \/>\n<meta property=\"og:locale\" content=\"sk_SK\" \/>\n<meta property=\"og:type\" content=\"article\" \/>\n<meta property=\"og:title\" content=\"Registra\u010dn\u00fd formul\u00e1r - ProChrist\" \/>\n<meta property=\"og:description\" content=\"Registra\u010dn\u00fd formul\u00e1r Na\u010d\u00edtava sa\u2026\" \/>\n<meta property=\"og:url\" content=\"https:\/\/prochrist20.evs.sk\/?page_id=551\" \/>\n<meta property=\"og:site_name\" content=\"ProChrist\" \/>\n<meta property=\"article:modified_time\" content=\"2025-02-12T08:19:01+00:00\" \/>\n<meta name=\"twitter:card\" content=\"summary_large_image\" \/>\n<meta name=\"twitter:label1\" content=\"Predpokladan\u00fd \u010das \u010d\u00edtania\" \/>\n\t<meta name=\"twitter:data1\" content=\"1 min\u00fata\" \/>\n<script type=\"application\/ld+json\" class=\"yoast-schema-graph\">{\"@context\":\"https:\/\/schema.org\",\"@graph\":[{\"@type\":\"WebPage\",\"@id\":\"https:\/\/prochrist20.evs.sk\/?page_id=551\",\"url\":\"https:\/\/prochrist20.evs.sk\/?page_id=551\",\"name\":\"Registra\u010dn\u00fd formul\u00e1r - ProChrist\",\"isPartOf\":{\"@id\":\"https:\/\/prochrist20.evs.sk\/#website\"},\"datePublished\":\"2025-02-11T16:40:18+00:00\",\"dateModified\":\"2025-02-12T08:19:01+00:00\",\"breadcrumb\":{\"@id\":\"https:\/\/prochrist20.evs.sk\/?page_id=551#breadcrumb\"},\"inLanguage\":\"sk-SK\",\"potentialAction\":[{\"@type\":\"ReadAction\",\"target\":[\"https:\/\/prochrist20.evs.sk\/?page_id=551\"]}]},{\"@type\":\"BreadcrumbList\",\"@id\":\"https:\/\/prochrist20.evs.sk\/?page_id=551#breadcrumb\",\"itemListElement\":[{\"@type\":\"ListItem\",\"position\":1,\"name\":\"Home\",\"item\":\"https:\/\/prochrist20.evs.sk\/\"},{\"@type\":\"ListItem\",\"position\":2,\"name\":\"Registra\u010dn\u00fd formul\u00e1r\"}]},{\"@type\":\"WebSite\",\"@id\":\"https:\/\/prochrist20.evs.sk\/#website\",\"url\":\"https:\/\/prochrist20.evs.sk\/\",\"name\":\"ProChrist\",\"description\":\"\",\"potentialAction\":[{\"@type\":\"SearchAction\",\"target\":{\"@type\":\"EntryPoint\",\"urlTemplate\":\"https:\/\/prochrist20.evs.sk\/?s={search_term_string}\"},\"query-input\":{\"@type\":\"PropertyValueSpecification\",\"valueRequired\":true,\"valueName\":\"search_term_string\"}}],\"inLanguage\":\"sk-SK\"}]}<\/script>\n<!-- \/ Yoast SEO plugin. -->","yoast_head_json":{"title":"Registra\u010dn\u00fd formul\u00e1r - ProChrist","robots":{"index":"index","follow":"follow","max-snippet":"max-snippet:-1","max-image-preview":"max-image-preview:large","max-video-preview":"max-video-preview:-1"},"canonical":"https:\/\/prochrist20.evs.sk\/?page_id=551","og_locale":"sk_SK","og_type":"article","og_title":"Registra\u010dn\u00fd formul\u00e1r - ProChrist","og_description":"Registra\u010dn\u00fd formul\u00e1r Na\u010d\u00edtava sa\u2026","og_url":"https:\/\/prochrist20.evs.sk\/?page_id=551","og_site_name":"ProChrist","article_modified_time":"2025-02-12T08:19:01+00:00","twitter_card":"summary_large_image","twitter_misc":{"Predpokladan\u00fd \u010das \u010d\u00edtania":"1 min\u00fata"},"schema":{"@context":"https:\/\/schema.org","@graph":[{"@type":"WebPage","@id":"https:\/\/prochrist20.evs.sk\/?page_id=551","url":"https:\/\/prochrist20.evs.sk\/?page_id=551","name":"Registra\u010dn\u00fd formul\u00e1r - ProChrist","isPartOf":{"@id":"https:\/\/prochrist20.evs.sk\/#website"},"datePublished":"2025-02-11T16:40:18+00:00","dateModified":"2025-02-12T08:19:01+00:00","breadcrumb":{"@id":"https:\/\/prochrist20.evs.sk\/?page_id=551#breadcrumb"},"inLanguage":"sk-SK","potentialAction":[{"@type":"ReadAction","target":["https:\/\/prochrist20.evs.sk\/?page_id=551"]}]},{"@type":"BreadcrumbList","@id":"https:\/\/prochrist20.evs.sk\/?page_id=551#breadcrumb","itemListElement":[{"@type":"ListItem","position":1,"name":"Home","item":"https:\/\/prochrist20.evs.sk\/"},{"@type":"ListItem","position":2,"name":"Registra\u010dn\u00fd formul\u00e1r"}]},{"@type":"WebSite","@id":"https:\/\/prochrist20.evs.sk\/#website","url":"https:\/\/prochrist20.evs.sk\/","name":"ProChrist","description":"","potentialAction":[{"@type":"SearchAction","target":{"@type":"EntryPoint","urlTemplate":"https:\/\/prochrist20.evs.sk\/?s={search_term_string}"},"query-input":{"@type":"PropertyValueSpecification","valueRequired":true,"valueName":"search_term_string"}}],"inLanguage":"sk-SK"}]}},"_links":{"self":[{"href":"https:\/\/prochrist20.evs.sk\/index.php?rest_route=\/wp\/v2\/pages\/551","targetHints":{"allow":["GET"]}}],"collection":[{"href":"https:\/\/prochrist20.evs.sk\/index.php?rest_route=\/wp\/v2\/pages"}],"about":[{"href":"https:\/\/prochrist20.evs.sk\/index.php?rest_route=\/wp\/v2\/types\/page"}],"author":[{"embeddable":true,"href":"https:\/\/prochrist20.evs.sk\/index.php?rest_route=\/wp\/v2\/users\/2"}],"replies":[{"embeddable":true,"href":"https:\/\/prochrist20.evs.sk\/index.php?rest_route=%2Fwp%2Fv2%2Fcomments&post=551"}],"version-history":[{"count":6,"href":"https:\/\/prochrist20.evs.sk\/index.php?rest_route=\/wp\/v2\/pages\/551\/revisions"}],"predecessor-version":[{"id":670,"href":"https:\/\/prochrist20.evs.sk\/index.php?rest_route=\/wp\/v2\/pages\/551\/revisions\/670"}],"wp:attachment":[{"href":"https:\/\/prochrist20.evs.sk\/index.php?rest_route=%2Fwp%2Fv2%2Fmedia&parent=551"}],"curies":[{"name":"wp","href":"https:\/\/api.w.org\/{rel}","templated":true}]}}